{"id":4914,"date":"2019-02-01T09:27:19","date_gmt":"2019-02-01T14:27:19","guid":{"rendered":"https:\/\/rafael.bonifaz.ec\/blog\/?page_id=4914"},"modified":"2019-02-09T18:34:23","modified_gmt":"2019-02-09T23:34:23","slug":"television","status":"publish","type":"page","link":"https:\/\/rafael.bonifaz.ec\/blog\/prensa\/television\/","title":{"rendered":"Televisi\u00f3n"},"content":{"rendered":"\n<p>Durante mi militancia en favor del software libre y la privacidad en l\u00ednea, he sido entrevistado algunas veces en prensa. En esta p\u00e1gina comparto algunos videos de televisi\u00f3n en los que he participado.<\/p>\n\n\n\n<h4 class=\"wp-block-heading\">Caso Cambridge Analytica en Todo Noticias &#8211; Argentina, 2018<\/h4>\n\n\n\n<p>En marzo de 2018 sali\u00f3 a la luz el esc\u00e1ndalo de Cambridge Analytica y Facebook. Sobre el tema fui <a href=\"https:\/\/tn.com.ar\/tecno\/f5\/el-escandalo-de-facebook-el-precio-que-pagan-los-usuarios-por-los-productos-gratuitos_858343\">entrevistado por el canal de televisi\u00f3n Todo Noticias de Argentina<\/a>. <\/p>\n\n\n\n<figure class=\"wp-block-video\"><video height=\"576\" style=\"aspect-ratio: 1024 \/ 576;\" width=\"1024\" controls src=\"https:\/\/rafael.bonifaz.ec\/blog\/wp-content\/uploads\/2019\/01\/Todo-Noticias-Rafael-Bonifaz-marzo-2018-parte-1.mp4\"><\/video><figcaption>Cambridge Analytica &#8211; parte 1 <\/figcaption><\/figure>\n\n\n\n<figure class=\"wp-block-video\"><video height=\"708\" style=\"aspect-ratio: 1280 \/ 708;\" width=\"1280\" controls src=\"https:\/\/rafael.bonifaz.ec\/blog\/wp-content\/uploads\/2019\/01\/Todo-Noticias-Rafael-Bonifaz-marzo-2018-parte-2.mp4\"><\/video><figcaption> Cambridge Analytica &#8211; parte 2<\/figcaption><\/figure>\n\n\n\n<p>Todo Noticias. \u00abEl esc\u00e1ndalo de Facebook: \u201cSi no pag\u00e1s, el producto sos vos\u201d &#8211; TN.com.ar\u00bb. Todo Noticias, 22 de marzo de 2018. <a href=\"https:\/\/tn.com.ar\/tecno\/f5\/el-escandalo-de-facebook-el-precio-que-pagan-los-usuarios-por-los-productos-gratuitos_858343\">https:\/\/tn.com.ar\/tecno\/f5\/el-escandalo-de-facebook-el-precio-que-pagan-los-usuarios-por-los-productos-gratuitos_858343<\/a>.    <\/p>\n\n\n\n<h4 class=\"wp-block-heading\">Entrevista Hacking Team en Visi\u00f3n 360 &#8211; Ecuador, 2015<\/h4>\n\n\n\n<p>En agosto de 2015 ocurri\u00f3 la filtraci\u00f3n de los Documentos de HackingTeam. El programa Visi\u00f3n 360 de Ecuavisa  realiz\u00f3 un reportaje sobre el tema en el que particip\u00e9.<\/p>\n\n\n\n<figure class=\"wp-block-video\"><video height=\"1080\" style=\"aspect-ratio: 1920 \/ 1080;\" width=\"1920\" controls src=\"https:\/\/rafael.bonifaz.ec\/blog\/wp-content\/uploads\/2019\/01\/Cyber-ataque-parte-2-_-Programa-23-Bloque-2-_-Visi\u00f3n-360-II-temporada-9iAvQ82LZqE-1.webm\"><\/video><figcaption>Visi\u00f3n 360, agosto 2015<\/figcaption><\/figure>\n\n\n\n<p>Visi\u00f3n 360. \u00abCyber ataque parte 2\u00bb. Ecuavisa, 30 de agosto de 2015. <a href=\"https:\/\/www.ecuavisa.com\/video\/video-vision-360\/destacados-360\/cyber-ataque-parte-2-0\">https:\/\/www.ecuavisa.com\/video\/video-vision-360\/destacados-360\/cyber-ataque-parte-2-0<\/a>.    <\/p>\n\n\n\n<h4 class=\"wp-block-heading\">Russia Today &#8211; Internacional, 2013<\/h4>\n\n\n\n<p>En junio de 2013 sucedieron las revelaciones de Snowden y <a rel=\"noreferrer noopener\" aria-label=\"publiqu\u00e9 sobre el tema en este blog (abre en una nueva pesta\u00f1a)\" href=\"https:\/\/rafael.bonifaz.ec\/blog\/2013\/06\/la-vigilancia-en-internet\/\" target=\"_blank\">publiqu\u00e9 sobre el tema en este blog<\/a>. Debido a esto se me contact\u00f3 en varios medios de comunicaci\u00f3n, entre los que se incluye la cadena de televisi\u00f3n Russia Today<\/p>\n\n\n\n<figure class=\"wp-block-video aligncenter\"><video height=\"240\" style=\"aspect-ratio: 426 \/ 240;\" width=\"426\" controls src=\"https:\/\/rafael.bonifaz.ec\/blog\/wp-content\/uploads\/2019\/02\/Participaci\u00f3n-RT-4-de-octubre-2013-Privacidad-y-soberan\u00eda-tecnol\u00f3gica-2bZW5ltWdmM.mp4\"><\/video><figcaption>Russia Today, 4 de octubre de 2013<\/figcaption><\/figure>\n\n\n\n<p> \u00abSoberan\u00eda Tecnol\u00f3gica y Vigilancia Masiva en la Regi\u00f3n\u00bb. <em>Detr\u00e1s de la Noticia<\/em>. RT, 4 de octubre de 2013. <a href=\"https:\/\/www.youtube.com\/watch?v=2bZW5ltWdmM\">https:\/\/www.youtube.com\/watch?v=2bZW5ltWdmM<\/a>.        <\/p>\n\n\n\n<figure class=\"wp-block-video aligncenter\"><video height=\"240\" style=\"aspect-ratio: 426 \/ 240;\" width=\"426\" controls src=\"https:\/\/rafael.bonifaz.ec\/blog\/wp-content\/uploads\/2019\/02\/Participaci\u00f3n-RT-30-de-agosto-2013-Privacidad-B6PEaLpGDbk.mp4\"><\/video><\/figure>\n\n\n\n<p> \u00abEspionaje Masivo y Documentos de Snowden\u00bb. <em>Detr\u00e1s de la Noticia<\/em>. RT, 30 de agosto de 2013. <a href=\"https:\/\/www.youtube.com\/watch?v=B6PEaLpGDbk\">https:\/\/www.youtube.com\/watch?v=B6PEaLpGDbk<\/a>.    <\/p>\n\n\n\n<p><\/p>\n\n\n\n<h4 class=\"wp-block-heading\">Software Libre en programa D\u00eda a D\u00eda &#8211; Ecuador, 2006<\/h4>\n\n\n\n<p>En el a\u00f1o 2006 el programa D\u00eda a D\u00eda de Teleamazonas realiz\u00f3 un reportaje sobre Software Libre en donde se me entrevist\u00f3.<\/p>\n\n\n\n<figure class=\"wp-block-video aligncenter\"><video height=\"240\" style=\"aspect-ratio: 320 \/ 240;\" width=\"320\" controls src=\"https:\/\/rafael.bonifaz.ec\/blog\/wp-content\/uploads\/2019\/01\/Video-Dia-A-Dia-Sobre-Software-Libre-wsMG297TPqc.webm\"><\/video><figcaption>Programa D\u00eda a D\u00eda, febrero 2006<\/figcaption><\/figure>\n\n\n\n<p>Pablo Mor\u00e1n. \u00abSoftware Libre\u00bb. <em>D\u00eda a D\u00eda<\/em>. Teleamazonas, 2006. <a href=\"https:\/\/www.youtube.com\/watch?v=wsMG297TPqc\">https:\/\/www.youtube.com\/watch?v=wsMG297TPqc<\/a>.    <\/p>\n<h3 class='related_post_title'>Art\u00edculos relacionados<\/h3><ul class='related_post'><li>No existen art\u00edculos relacionados<\/li><\/ul>","protected":false},"excerpt":{"rendered":"<p>Durante mi militancia en favor del software libre y la privacidad en l\u00ednea, he sido entrevistado algunas veces en prensa. En esta p\u00e1gina comparto algunos videos de televisi\u00f3n en los que he participado. Caso Cambridge Analytica en Todo Noticias &#8211; Argentina, 2018 En marzo de 2018 sali\u00f3 a la luz el esc\u00e1ndalo de Cambridge Analytica [&hellip;]<\/p>\n","protected":false},"author":1,"featured_media":0,"parent":4938,"menu_order":0,"comment_status":"closed","ping_status":"closed","template":"","meta":{"footnotes":""},"class_list":["post-4914","page","type-page","status-publish","hentry"],"_links":{"self":[{"href":"https:\/\/rafael.bonifaz.ec\/blog\/wp-json\/wp\/v2\/pages\/4914","targetHints":{"allow":["GET"]}}],"collection":[{"href":"https:\/\/rafael.bonifaz.ec\/blog\/wp-json\/wp\/v2\/pages"}],"about":[{"href":"https:\/\/rafael.bonifaz.ec\/blog\/wp-json\/wp\/v2\/types\/page"}],"author":[{"embeddable":true,"href":"https:\/\/rafael.bonifaz.ec\/blog\/wp-json\/wp\/v2\/users\/1"}],"replies":[{"embeddable":true,"href":"https:\/\/rafael.bonifaz.ec\/blog\/wp-json\/wp\/v2\/comments?post=4914"}],"version-history":[{"count":14,"href":"https:\/\/rafael.bonifaz.ec\/blog\/wp-json\/wp\/v2\/pages\/4914\/revisions"}],"predecessor-version":[{"id":4979,"href":"https:\/\/rafael.bonifaz.ec\/blog\/wp-json\/wp\/v2\/pages\/4914\/revisions\/4979"}],"up":[{"embeddable":true,"href":"https:\/\/rafael.bonifaz.ec\/blog\/wp-json\/wp\/v2\/pages\/4938"}],"wp:attachment":[{"href":"https:\/\/rafael.bonifaz.ec\/blog\/wp-json\/wp\/v2\/media?parent=4914"}],"curies":[{"name":"wp","href":"https:\/\/api.w.org\/{rel}","templated":true}]}}