{"id":5302,"date":"2026-02-06T15:52:18","date_gmt":"2026-02-06T20:52:18","guid":{"rendered":"https:\/\/rafael.bonifaz.ec\/blog\/?page_id=5302"},"modified":"2026-02-07T15:12:11","modified_gmt":"2026-02-07T20:12:11","slug":"acerca-de","status":"publish","type":"page","link":"https:\/\/rafael.bonifaz.ec\/blog\/acerca-de\/","title":{"rendered":"Acerca de"},"content":{"rendered":"\n<hr class=\"wp-block-separator has-alpha-channel-opacity\"\/>\n\n\n<div class=\"wp-block-image\">\n<figure class=\"alignleft size-full is-resized\"><a href=\"https:\/\/rafael.bonifaz.ec\/blog\/wp-content\/uploads\/2026\/02\/Rafael-Bonifaz-1-pequena.jpg\"><img loading=\"lazy\" decoding=\"async\" width=\"515\" height=\"669\" src=\"https:\/\/rafael.bonifaz.ec\/blog\/wp-content\/uploads\/2026\/02\/Rafael-Bonifaz-1-pequena.jpg\" alt=\"\" class=\"wp-image-5307\" style=\"aspect-ratio:0.7697790560664255;width:150px;height:auto\" srcset=\"https:\/\/rafael.bonifaz.ec\/blog\/wp-content\/uploads\/2026\/02\/Rafael-Bonifaz-1-pequena.jpg 515w, https:\/\/rafael.bonifaz.ec\/blog\/wp-content\/uploads\/2026\/02\/Rafael-Bonifaz-1-pequena-231x300.jpg 231w\" sizes=\"auto, (max-width: 515px) 100vw, 515px\" \/><\/a><\/figure>\n<\/div>\n\n\n<div class=\"wp-block-group is-nowrap is-layout-flex wp-container-core-group-is-layout-ad2f72ca wp-block-group-is-layout-flex\">\n<p>Rafael Bonifaz trabaja en seguridad digital, privacidad y software libre desde hace m\u00e1s de dos d\u00e9cadas. Su trayectoria se ha enfocado en la investigaci\u00f3n e implementaci\u00f3n de soluciones tecnol\u00f3gicas basadas en software libre, el dise\u00f1o de infraestructura tecnol\u00f3gica segura y el uso de tecnolog\u00edas abiertas como herramientas para la autonom\u00eda tecnol\u00f3gica y la protecci\u00f3n de derechos en entornos digitales.<\/p>\n<\/div>\n\n\n\n<p>A lo largo de los a\u00f1os ha combinado trabajo t\u00e9cnico, investigaci\u00f3n y formaci\u00f3n. Le interesa entender c\u00f3mo funciona las tecnolog\u00eda, pero tambi\u00e9n c\u00f3mo los cambios tecnol\u00f3gicos transforman la forma en que funcionamos como sociedad. Disfruta ense\u00f1ar, aprender y explicar temas t\u00e9cnicamente complejos de forma clara y \u00fatil para distintos tipos de audiencias. Ha trabajado en equipos t\u00e9cnicos y multidisciplinarios en el sector p\u00fablico, el sector privado y organizaciones de sociedad civil, experiencia que ha influido en su forma de entender la tecnolog\u00eda y su impacto en el mundo real.<\/p>\n\n\n\n<p>Participa activamente en la comunidad de derechos digitales en Am\u00e9rica Latina y ha participado en la construcci\u00f3n de la comunidad de software libre en la regi\u00f3n desde los primeros a\u00f1os de su carrera. Ha colaborado en proyectos regionales de seguridad digital, investigaci\u00f3n sobre vigilancia tecnol\u00f3gica y fortalecimiento de capacidades en organizaciones sociales y acad\u00e9micas. Ha participado como panelista, y conferencista en eventos regionales en \u00c1frica como <a href=\"https:\/\/internetfreedom.africa\/\" data-type=\"link\" data-id=\"https:\/\/internetfreedom.africa\/\">FIFAfrica<\/a> y <a href=\"https:\/\/drif.paradigmhq.org\/\" data-type=\"link\" data-id=\"https:\/\/drif.paradigmhq.org\/\">DRIF<\/a>, en espacios globales como <a href=\"https:\/\/www.rightscon.org\/\">RightsCon<\/a> y <a href=\"https:\/\/www.globalgathering.community\/\" data-type=\"link\" data-id=\"https:\/\/www.globalgathering.community\/\">Global Gathering<\/a>, y en Am\u00e9rica Latina en encuentros como <a href=\"https:\/\/2025.cryptorave.org\/es\" data-type=\"link\" data-id=\"https:\/\/2025.cryptorave.org\/es\">CryptoRave<\/a>, <a href=\"https:\/\/en.wikipedia.org\/wiki\/F%C3%B3rum_Internacional_Software_Livre\">FISL<\/a> y <a href=\"https:\/\/flisol.info\/\" data-type=\"link\" data-id=\"https:\/\/flisol.info\/\">FLISOL<\/a>, del cual fue coordinador nacional de Ecuador en sus primeras ediciones. Actualmente es L<a href=\"https:\/\/www.derechosdigitales.org\/autor\/rafael-bonifaz\/\">\u00edder del Programa Latinoamericano para la Resiliencia y Defensa Digital<\/a> en <a href=\"https:\/\/www.derechosdigitales.org\/\">Derechos Digitales<\/a>.<\/p>\n<h3 class='related_post_title'>Art\u00edculos relacionados<\/h3><ul class='related_post'><li>No existen art\u00edculos relacionados<\/li><\/ul>","protected":false},"excerpt":{"rendered":"<p>Rafael Bonifaz trabaja en seguridad digital, privacidad y software libre desde hace m\u00e1s de dos d\u00e9cadas. Su trayectoria se ha enfocado en la investigaci\u00f3n e implementaci\u00f3n de soluciones tecnol\u00f3gicas basadas en software libre, el dise\u00f1o de infraestructura tecnol\u00f3gica segura y el uso de tecnolog\u00edas abiertas como herramientas para la autonom\u00eda tecnol\u00f3gica y la protecci\u00f3n de [&hellip;]<\/p>\n","protected":false},"author":1,"featured_media":0,"parent":0,"menu_order":0,"comment_status":"closed","ping_status":"closed","template":"","meta":{"footnotes":""},"class_list":["post-5302","page","type-page","status-publish","hentry"],"_links":{"self":[{"href":"https:\/\/rafael.bonifaz.ec\/blog\/wp-json\/wp\/v2\/pages\/5302","targetHints":{"allow":["GET"]}}],"collection":[{"href":"https:\/\/rafael.bonifaz.ec\/blog\/wp-json\/wp\/v2\/pages"}],"about":[{"href":"https:\/\/rafael.bonifaz.ec\/blog\/wp-json\/wp\/v2\/types\/page"}],"author":[{"embeddable":true,"href":"https:\/\/rafael.bonifaz.ec\/blog\/wp-json\/wp\/v2\/users\/1"}],"replies":[{"embeddable":true,"href":"https:\/\/rafael.bonifaz.ec\/blog\/wp-json\/wp\/v2\/comments?post=5302"}],"version-history":[{"count":6,"href":"https:\/\/rafael.bonifaz.ec\/blog\/wp-json\/wp\/v2\/pages\/5302\/revisions"}],"predecessor-version":[{"id":5311,"href":"https:\/\/rafael.bonifaz.ec\/blog\/wp-json\/wp\/v2\/pages\/5302\/revisions\/5311"}],"wp:attachment":[{"href":"https:\/\/rafael.bonifaz.ec\/blog\/wp-json\/wp\/v2\/media?parent=5302"}],"curies":[{"name":"wp","href":"https:\/\/api.w.org\/{rel}","templated":true}]}}